{"id":674,"date":"2024-12-26T09:39:09","date_gmt":"2024-12-26T02:39:09","guid":{"rendered":"http:\/\/localhost:8080\/wp-betong\/?page_id=674"},"modified":"2025-08-22T14:03:32","modified_gmt":"2025-08-22T07:03:32","slug":"ve-chung-toi","status":"publish","type":"page","link":"https:\/\/kingshowvina.com\/?page_id=674","title":{"rendered":"V\u1ec1 ch\u00fang t\u00f4i"},"content":{"rendered":"\n\t<section class=\"section\" id=\"section_1100635295\">\n\t\t<div class=\"section-bg fill\" >\n\t\t\t\t\t\t\t\t\t\n\t\t\t\n\n\t\t<\/div>\n\n\t\t\n\n\t\t<div class=\"section-content relative\">\n\t\t\t\n\n  <div class=\"banner has-hover\" id=\"banner-478625643\">\n          <div class=\"banner-inner fill\">\n        <div class=\"banner-bg fill\" >\n            <img loading=\"lazy\" decoding=\"async\" width=\"1020\" height=\"460\" src=\"https:\/\/kingshowvina.com\/wp-content\/uploads\/2025\/08\/z6543023537629_f3b9ab6bb5c90c902e1c8df975160d6b-1024x462.png\" class=\"bg attachment-large size-large\" alt=\"\" \/>                                    \n                    <\/div>\n\t\t\n        <div class=\"banner-layers container\">\n            <div class=\"fill banner-link\"><\/div>            \n   <div id=\"text-box-559562370\" class=\"text-box banner-layer x50 md-x50 lg-x50 y0 md-y0 lg-y0 res-text\">\n                                <div class=\"text-box-content text dark\">\n              \n              <div class=\"text-inner text-center\">\n                  \n\t<div id=\"text-2444351388\" class=\"text\">\n\t\t\n\t\t\n<style>\n#text-2444351388 {\n  text-align: center;\n}\n<\/style>\n\t<\/div>\n\t\n              <\/div>\n           <\/div>\n                            \n<style>\n#text-box-559562370 {\n  width: 60%;\n}\n#text-box-559562370 .text-box-content {\n  font-size: 100%;\n}\n<\/style>\n    <\/div>\n \n        <\/div>\n      <\/div>\n\n            \n<style>\n#banner-478625643 {\n  padding-top: 500px;\n}\n<\/style>\n  <\/div>\n\n\n\t\t<\/div>\n\n\t\t\n<style>\n#section_1100635295 {\n  padding-top: 30px;\n  padding-bottom: 30px;\n}\n<\/style>\n\t<\/section>\n\t\n<div class=\"row\"  id=\"row-28233345\">\n\n\t<div id=\"col-928466664\" class=\"col small-12 large-12\"  >\n\t\t\t\t<div class=\"col-inner\"  >\n\t\t\t\n\t\t\t\n<div class=\"row\"  id=\"row-94693754\">\n\n\t<div id=\"col-2030538914\" class=\"col small-12 large-12\"  >\n\t\t\t\t<div class=\"col-inner\" style=\"background-color:rgb(244, 244, 244);\" >\n\t\t\t\n\t\t\t\n<div class=\"container section-title-container title-home-ct\" ><h1 class=\"section-title section-title-center\"><b aria-hidden=\"true\"><\/b><span class=\"section-title-main\" style=\"color:rgb(0, 0, 0);\">gi\u1edbi thi\u1ec7u<\/span><b aria-hidden=\"true\"><\/b><\/h1><\/div>\n\t<div id=\"text-238806217\" class=\"text\">\n\t\t\n<p class=\"cvGsUA direction-ltr align-center para-style-body\"><span class=\"a_GcMg font-feature-liga-off font-feature-clig-off font-feature-calt-off text-decoration-none text-strikethrough-none\">\u0110\u01b0\u1ee3c th\u00e0nh l\u1eadp v\u00e0o n\u0103m 1995, C\u00f4ng ty TNHH KING SHOW VI\u1ec6T NAM l\u00e0 c\u00f4ng ty 100% v\u1ed1n \u0111\u1ea7u t\u01b0 c\u1ee7a \u0110\u00e0i Loan \u0111\u1eb7t t\u1ea1i Long An, Vi\u1ec7t Nam. <\/span><span class=\"a_GcMg font-feature-liga-off font-feature-clig-off font-feature-calt-off text-decoration-none text-strikethrough-none\">Ch\u00fang t\u00f4i l\u00e0 m\u1ed9t nh\u00e0 s\u1ea3n xu\u1ea5t chuy\u00ean v\u1ec1 c\u00e1c s\u1ea3n ph\u1ea9m l\u00e0m \u0111\u1ea7y b\u00ecnh x\u1ecbt. <\/span><span class=\"a_GcMg font-feature-liga-off font-feature-clig-off font-feature-calt-off text-decoration-none text-strikethrough-none\">T\u1ea5t c\u1ea3 c\u00e1c s\u1ea3n ph\u1ea9m s\u1eed d\u1ee5ng nguy\u00ean li\u1ec7u \u0111\u01b0\u1ee3c ch\u1ee9ng nh\u1eadn qu\u1ed1c t\u1ebf v\u00e0 tu\u00e2n th\u1ee7 c\u00e1c ti\u00eau chu\u1ea9n s\u1ea3n xu\u1ea5t v\u00e0 ti\u00eau chu\u1ea9n ki\u1ec3m tra qu\u1ed1c t\u1ebf. <\/span><span class=\"a_GcMg font-feature-liga-off font-feature-clig-off font-feature-calt-off text-decoration-none text-strikethrough-none\">S\u1ea3n ph\u1ea9m c\u1ee7a ch\u00fang t\u00f4i \u0111\u01b0\u1ee3c c\u00e1c nh\u00e0 s\u1ea3n xu\u1ea5t c\u00f4ng nghi\u1ec7p kh\u00e1c nhau \u0111\u00e1nh gi\u00e1 cao v\u00e0 ch\u1ea5p nh\u1eadn. <\/span><span class=\"a_GcMg font-feature-liga-off font-feature-clig-off font-feature-calt-off text-decoration-none text-strikethrough-none\">KING SHOW VI\u1ec6T NAM kh\u00f4ng ch\u1ec9 t\u1eadp trung v\u00e0o b\u00e1n h\u00e0ng trong n\u01b0\u1edbc m\u00e0 c\u00f2n l\u00e0 nh\u00e0 cung c\u1ea5p cho c\u00e1c s\u1ea3n ph\u1ea9m chi\u1ebft r\u00f3t kh\u00ed dung kh\u00e1c nhau. <\/span><span class=\"a_GcMg font-feature-liga-off font-feature-clig-off font-feature-calt-off text-decoration-none text-strikethrough-none\">KING SHOW VI\u1ec6T NAM l\u00e0 \u0111\u1ed1i t\u00e1c tin c\u1eady c\u1ee7a b\u1ea1n.<\/span><\/p>\n<p class=\"cvGsUA direction-ltr align-center para-style-body\"><span class=\"a_GcMg font-feature-liga-off font-feature-clig-off font-feature-calt-off text-decoration-none text-strikethrough-none\">\u91d1\u5f69(\u8d8a\u5357)\u8cac\u4efb\u6709\u9650\u516c\u53f8\u6210\u7acb\u65bc1995\u5e74\uff0c\u70ba\u767e\u5206\u4e4b\u767e\u53f0\u8cc7\u4f01\u696d\u6295\u8cc7\u65bc\u8d8a\u5357\u9686\u5b89\u7701\uff0c\u6211\u5011\u5c08\u696d\u65bc\u751f\u7522\u5de5\u696d\u7528\u6c23\u9727\u5291\u7522\u54c1\uff0c<\/span><span class=\"a_GcMg font-feature-liga-off font-feature-clig-off font-feature-calt-off text-decoration-none text-strikethrough-none\">\u6240\u6709\u7522\u54c1\u7686\u9075\u5faa\u570b\u969b\u88fd\u9020\u6a19\u6e96\uff0c\u4ee5\u53ca\u570b\u969b\u6aa2\u9a57\u6a19\u6e96\uff0c\u63a1\u7528\u570b\u969b\u6a19\u6e96\u8a8d\u8b49\u539f\u6599\uff0c\u6240\u751f\u7522\u7684\u7522\u54c1\u4ea6\u53d7\u5230\u591a\u5bb6\u5de5\u696d\u88fd\u9020\u5ee0\u5546\u7684\u63a1\u7528\u3002<\/span><span class=\"a_GcMg font-feature-liga-off font-feature-clig-off font-feature-calt-off text-decoration-none text-strikethrough-none\">\u91d1\u5f69(\u8d8a\u5357)\u4e0d\u50c5\u5c08\u6ce8\u65bc\u8d8a\u5357\u570b\u5167\u5e02\u5834\u7684\u92b7\u552e\uff0c\u4e5f\u53ef\u63a5\u55ae\u4ee3\u5ba2\u52a0\u5de5\u6c23\u9727\u5291\u7522\u54c1\uff0c\u91d1\u5f69\u516c\u53f8\u662f\u60a8\u4fe1\u8cf4\u7684\u5925\u4f34\u3002<\/span><\/p>\n<p class=\"cvGsUA direction-ltr align-center para-style-body\"><span class=\"a_GcMg font-feature-liga-off font-feature-clig-off font-feature-calt-off text-decoration-none text-strikethrough-none\">Established in 1995, KING SHOW Vina International Co., Ltd. is 100% Taiwan investment company which located in Long An city, Vietnam. <\/span><span class=\"a_GcMg font-feature-liga-off font-feature-clig-off font-feature-calt-off text-decoration-none text-strikethrough-none\">We\u2019re a manufacturer specialized in aerosol filling products. <\/span><span class=\"a_GcMg font-feature-liga-off font-feature-clig-off font-feature-calt-off text-decoration-none text-strikethrough-none\">All products use international certified raw materials and comply with international manufacturing standards and inspection standards. <\/span><span class=\"a_GcMg font-feature-liga-off font-feature-clig-off font-feature-calt-off text-decoration-none text-strikethrough-none\">Our products are greatly appreciated and adopted by various industrial manufacturers <\/span><span class=\"a_GcMg font-feature-liga-off font-feature-clig-off font-feature-calt-off text-decoration-none text-strikethrough-none\">KING SHOW Vina is not only focus on domestic selling, but also OEM for various aerosol filling products. <\/span><span class=\"a_GcMg font-feature-liga-off font-feature-clig-off font-feature-calt-off text-decoration-none text-strikethrough-none\">KING SHOW Vina is your trusted partner.<\/span><\/p>\n<p style=\"text-align: left;\">\u0110\u1eb7c bi\u1ec7t ch\u00fa tr\u1ecdng t\u1edbi ch\u1ea5t l\u01b0\u1ee3ng s\u1ea3n ph\u1ea9m v\u00e0 \u0111\u1ea3m b\u1ea3o an to\u00e0n cho ng\u01b0\u1eddi ti\u00eau d\u00f9ng, King Show Vi\u1ec7t Nam lu\u00f4n n\u1ed7 l\u1ef1c \u0111em \u0111\u1ebfn nh\u1eefng s\u1ea3n ph\u1ea9m c\u00f3 ch\u1ea5t l\u01b0\u1ee3ng cao v\u00e0 th\u00e2n thi\u1ec7n v\u1edbi m\u00f4i tr\u01b0\u1eddng, bao g\u1ed3m b\u00ecnh x\u1ecbt di\u1ec7t c\u00f4n tr\u00f9ng, nhang tr\u1eeb mu\u1ed7i.<\/p>\n<p style=\"text-align: left;\">Trong h\u01a1n 30 n\u0103m qua, ch\u00fang t\u00f4i lu\u00f4n nh\u1eadn \u0111\u01b0\u1ee3c s\u1ef1 \u1ee7ng h\u1ed9 c\u1ee7a ng\u01b0\u1eddi ti\u00eau d\u00f9ng tr\u00ean c\u1ea3 n\u01b0\u1edbc \u0111\u1ed1i v\u1edbi c\u00e1c s\u1ea3n ph\u1ea9m c\u1ee7a King Show Vi\u1ec7t Nam nh\u1edd ch\u1ea5t l\u01b0\u1ee3ng v\u00e0 t\u00ednh n\u0103ng v\u01b0\u1ee3t tr\u1ed9i. B\u00ean c\u1ea1nh \u0111\u00f3, ch\u00fang t\u00f4i c\u0169ng nh\u1eadn \u0111\u01b0\u1ee3c nhi\u1ec1u b\u1eb1ng khen v\u00e0 gi\u1ea3i th\u01b0\u1edfng nh\u01b0:<\/p>\n<ul style=\"text-align: left;\">\n<li>B\u1eb1ng khen c\u1ee7a UBND t\u1ec9nh Long An, UBND t\u1ec9nh C\u1ea7n Th\u01a1<\/li>\n<li>Gi\u1ea3i th\u01b0\u1edfng \u201cS\u1ea3n ph\u1ea9m uy t\u00edn ch\u1ea5t l\u01b0\u1ee3ng\u201d 2009 c\u1ee7a B\u1ed9 Khoa h\u1ecdc v\u00e0 C\u00f4ng ngh\u1ec7<\/li>\n<li>Gi\u1ea3i th\u01b0\u1edfng C\u00f4ng Ngh\u1ec7 Xanh 2009<\/li>\n<li>Gi\u1ea3i th\u01b0\u1edfng Vi\u1ec7t Nam Golden FDI 2009<\/li>\n<li>Gi\u1ea3i th\u01b0\u1edfng \u201cR\u1ed3ng V\u00e0ng Vi\u1ec7t Nam\u201d 2010<\/li>\n<\/ul>\n<h4 style=\"text-align: left;\">V\u1edbi ph\u01b0\u01a1ng ch\u00e2m:<strong><em>\u00a0\u201c<\/em>\u00a0C\u1ea3i ti\u1ebfn li\u00ean t\u1ee5c \u2013\u00a0N\u00e2ng cao ch\u1ea5t l\u01b0\u1ee3ng \u2013\u00a0Th\u1ecfa m\u00e3n kh\u00e1ch h\u00e0ng \u2013\u00a0Kinh doanh l\u00e2u d\u00e0i \u201d<\/strong><\/h4>\n<p style=\"text-align: left;\">C\u00f4ng ty ch\u00fang t\u00f4i mong mu\u1ed1n s\u1ebd l\u00e0m ra nh\u1eefng s\u1ea3n ph\u1ea9m v\u1edbi ch\u1ea5t l\u01b0\u1ee3ng ng\u00e0y c\u00e0ng t\u1ed1t \u0111\u1ec3 ph\u1ee5c v\u1ee5 cho ng\u01b0\u1eddi ti\u00eau d\u00f9ng.<\/p>\n\t\t\n<style>\n#text-238806217 {\n  line-height: 2.6;\n  text-align: center;\n  color: rgb(25, 171, 74);\n}\n#text-238806217 > * {\n  color: rgb(25, 171, 74);\n}\n<\/style>\n\t<\/div>\n\t\n\t\t<\/div>\n\t\t\t\t\n<style>\n#col-2030538914 > .col-inner {\n  padding: 10px 10px 10px 10px;\n  border-radius: 6px;\n}\n<\/style>\n\t<\/div>\n\n\t\n<\/div>\n\t\t<\/div>\n\t\t\t\t\t<\/div>\n\n\t\n<\/div>\n","protected":false},"excerpt":{"rendered":"","protected":false},"author":1,"featured_media":0,"parent":0,"menu_order":0,"comment_status":"closed","ping_status":"closed","template":"page-blank.php","meta":{"footnotes":""},"class_list":["post-674","page","type-page","status-publish","hentry"],"_links":{"self":[{"href":"https:\/\/kingshowvina.com\/index.php?rest_route=\/wp\/v2\/pages\/674","targetHints":{"allow":["GET"]}}],"collection":[{"href":"https:\/\/kingshowvina.com\/index.php?rest_route=\/wp\/v2\/pages"}],"about":[{"href":"https:\/\/kingshowvina.com\/index.php?rest_route=\/wp\/v2\/types\/page"}],"author":[{"embeddable":true,"href":"https:\/\/kingshowvina.com\/index.php?rest_route=\/wp\/v2\/users\/1"}],"replies":[{"embeddable":true,"href":"https:\/\/kingshowvina.com\/index.php?rest_route=%2Fwp%2Fv2%2Fcomments&post=674"}],"version-history":[{"count":21,"href":"https:\/\/kingshowvina.com\/index.php?rest_route=\/wp\/v2\/pages\/674\/revisions"}],"predecessor-version":[{"id":1450,"href":"https:\/\/kingshowvina.com\/index.php?rest_route=\/wp\/v2\/pages\/674\/revisions\/1450"}],"wp:attachment":[{"href":"https:\/\/kingshowvina.com\/index.php?rest_route=%2Fwp%2Fv2%2Fmedia&parent=674"}],"curies":[{"name":"wp","href":"https:\/\/api.w.org\/{rel}","templated":true}]}}