{"id":677,"date":"2024-12-26T09:38:54","date_gmt":"2024-12-26T02:38:54","guid":{"rendered":"http:\/\/localhost:8080\/wp-betong\/?page_id=677"},"modified":"2025-09-20T09:17:55","modified_gmt":"2025-09-20T02:17:55","slug":"tin-tuc","status":"publish","type":"page","link":"https:\/\/kingshowvina.com\/?page_id=677","title":{"rendered":"TIN T\u1ee8C"},"content":{"rendered":"\n\t<section class=\"section\" id=\"section_1126980713\">\n\t\t<div class=\"section-bg fill\" >\n\t\t\t\t\t\t\t\t\t\n\t\t\t\n\n\t\t<\/div>\n\n\t\t\n\n\t\t<div class=\"section-content relative\">\n\t\t\t\n<div class=\"row\"  id=\"row-1094215663\">\n\n\t<div id=\"col-1511439725\" class=\"col small-12 large-12\"  >\n\t\t\t\t<div class=\"col-inner\"  >\n\t\t\t\n\t\t\t\n<div class=\"container section-title-container\" ><h1 class=\"section-title section-title-center\"><b aria-hidden=\"true\"><\/b><span class=\"section-title-main\" style=\"font-size:126%;color:rgb(243, 0, 0);\">TIN T\u1ee8C<\/span><b aria-hidden=\"true\"><\/b><\/h1><\/div>\n\n  \n    <div class=\"row large-columns-1 medium-columns-1 small-columns-1 has-shadow row-box-shadow-2 row-box-shadow-4-hover\" >\n  <div class=\"col post-item\" >\n\t\t\t<div class=\"col-inner\">\n\t\t\t\t<div class=\"box box-vertical box-text-bottom box-blog-post has-hover\">\n            \t\t\t\t\t<div class=\"box-image\" style=\"width:30%;\">\n  \t\t\t\t\t\t<div class=\"image-zoom image-cover\" style=\"padding-top:70%;\">\n\t\t\t\t\t\t\t<a href=\"https:\/\/kingshowvina.com\/?p=1594\" class=\"plain\" aria-label=\"NH\u00c0 S\u1ea0CH KI\u1ebeN- &#8220;M\u00ca&#8221; KINGSTAR LI\u1ec0N\">\n\t\t\t\t\t\t\t\t<img loading=\"lazy\" decoding=\"async\" width=\"2000\" height=\"2000\" src=\"https:\/\/kingshowvina.com\/wp-content\/uploads\/2025\/09\/485779849_1119880449938250_7881260262730867695_n.jpg\" class=\"attachment-original size-original wp-post-image\" alt=\"\" srcset=\"https:\/\/kingshowvina.com\/wp-content\/uploads\/2025\/09\/485779849_1119880449938250_7881260262730867695_n.jpg 2000w, https:\/\/kingshowvina.com\/wp-content\/uploads\/2025\/09\/485779849_1119880449938250_7881260262730867695_n-300x300.jpg 300w, https:\/\/kingshowvina.com\/wp-content\/uploads\/2025\/09\/485779849_1119880449938250_7881260262730867695_n-1024x1024.jpg 1024w, https:\/\/kingshowvina.com\/wp-content\/uploads\/2025\/09\/485779849_1119880449938250_7881260262730867695_n-150x150.jpg 150w, https:\/\/kingshowvina.com\/wp-content\/uploads\/2025\/09\/485779849_1119880449938250_7881260262730867695_n-768x768.jpg 768w, https:\/\/kingshowvina.com\/wp-content\/uploads\/2025\/09\/485779849_1119880449938250_7881260262730867695_n-1536x1536.jpg 1536w, https:\/\/kingshowvina.com\/wp-content\/uploads\/2025\/09\/485779849_1119880449938250_7881260262730867695_n-600x600.jpg 600w, https:\/\/kingshowvina.com\/wp-content\/uploads\/2025\/09\/485779849_1119880449938250_7881260262730867695_n-100x100.jpg 100w\" sizes=\"auto, (max-width: 2000px) 100vw, 2000px\" \/>\t\t\t\t\t\t\t<\/a>\n  \t\t\t\t\t\t\t  \t\t\t\t\t\t\t  \t\t\t\t\t\t<\/div>\n  \t\t\t\t\t\t  \t\t\t\t\t<\/div>\n          \t\t\t\t\t<div class=\"box-text text-left\" >\n\t\t\t\t\t<div class=\"box-text-inner blog-post-inner\">\n\n\t\t\t\t\t\n\t\t\t\t\t\t\t\t\t\t<h5 class=\"post-title is-large \">\n\t\t\t\t\t\t<a href=\"https:\/\/kingshowvina.com\/?p=1594\" class=\"plain\">NH\u00c0 S\u1ea0CH KI\u1ebeN- &#8220;M\u00ca&#8221; KINGSTAR LI\u1ec0N<\/a>\n\t\t\t\t\t<\/h5>\n\t\t\t\t\t\t\t\t\t\t<div class=\"is-divider\"><\/div>\n\t\t\t\t\t\t\t\t\t\t<p class=\"from_the_blog_excerpt \">\n\t\t\t\t\t\t\u00a0Ai c\u0169ng bi\u1ebft, ki\u1ebfn c\u1eafn g\u00e2y ng\u1ee9a ng\u00e1y v\u00e0 n\u1ed5i m\u1eabn \u0111\u1ecf nhi\u1ec1u ng\u00e0y. \u0110\u1eb7c...\t\t\t\t\t<\/p>\n\t\t\t\t\t                    \n\t\t\t\t\t\n\t\t\t\t\t\n\t\t\t\t\t<\/div>\n\t\t\t\t\t<\/div>\n\t\t\t\t\t\t\t\t\t<\/div>\n\t\t\t<\/div>\n\t\t<\/div><div class=\"col post-item\" >\n\t\t\t<div class=\"col-inner\">\n\t\t\t\t<div class=\"box box-vertical box-text-bottom box-blog-post has-hover\">\n            \t\t\t\t\t<div class=\"box-image\" style=\"width:30%;\">\n  \t\t\t\t\t\t<div class=\"image-zoom image-cover\" style=\"padding-top:70%;\">\n\t\t\t\t\t\t\t<a href=\"https:\/\/kingshowvina.com\/?p=1583\" class=\"plain\" aria-label=\"C\u00c1CH D\u00d9NG KINGSTAR HI\u1ec6U QU\u1ea2 CHO T\u1eeaNG KHU V\u1ef0C !\">\n\t\t\t\t\t\t\t\t<img loading=\"lazy\" decoding=\"async\" width=\"2000\" height=\"2000\" src=\"https:\/\/kingshowvina.com\/wp-content\/uploads\/2025\/09\/500198345_1164357665490528_364795105741244249_n.jpg\" class=\"attachment-original size-original wp-post-image\" alt=\"\" srcset=\"https:\/\/kingshowvina.com\/wp-content\/uploads\/2025\/09\/500198345_1164357665490528_364795105741244249_n.jpg 2000w, https:\/\/kingshowvina.com\/wp-content\/uploads\/2025\/09\/500198345_1164357665490528_364795105741244249_n-300x300.jpg 300w, https:\/\/kingshowvina.com\/wp-content\/uploads\/2025\/09\/500198345_1164357665490528_364795105741244249_n-1024x1024.jpg 1024w, https:\/\/kingshowvina.com\/wp-content\/uploads\/2025\/09\/500198345_1164357665490528_364795105741244249_n-150x150.jpg 150w, https:\/\/kingshowvina.com\/wp-content\/uploads\/2025\/09\/500198345_1164357665490528_364795105741244249_n-768x768.jpg 768w, https:\/\/kingshowvina.com\/wp-content\/uploads\/2025\/09\/500198345_1164357665490528_364795105741244249_n-1536x1536.jpg 1536w, https:\/\/kingshowvina.com\/wp-content\/uploads\/2025\/09\/500198345_1164357665490528_364795105741244249_n-600x600.jpg 600w, https:\/\/kingshowvina.com\/wp-content\/uploads\/2025\/09\/500198345_1164357665490528_364795105741244249_n-100x100.jpg 100w\" sizes=\"auto, (max-width: 2000px) 100vw, 2000px\" \/>\t\t\t\t\t\t\t<\/a>\n  \t\t\t\t\t\t\t  \t\t\t\t\t\t\t  \t\t\t\t\t\t<\/div>\n  \t\t\t\t\t\t  \t\t\t\t\t<\/div>\n          \t\t\t\t\t<div class=\"box-text text-left\" >\n\t\t\t\t\t<div class=\"box-text-inner blog-post-inner\">\n\n\t\t\t\t\t\n\t\t\t\t\t\t\t\t\t\t<h5 class=\"post-title is-large \">\n\t\t\t\t\t\t<a href=\"https:\/\/kingshowvina.com\/?p=1583\" class=\"plain\">C\u00c1CH D\u00d9NG KINGSTAR HI\u1ec6U QU\u1ea2 CHO T\u1eeaNG KHU V\u1ef0C !<\/a>\n\t\t\t\t\t<\/h5>\n\t\t\t\t\t\t\t\t\t\t<div class=\"is-divider\"><\/div>\n\t\t\t\t\t\t\t\t\t\t<p class=\"from_the_blog_excerpt \">\n\t\t\t\t\t\t\u0110\u1ec3 \u0111\u1ea3m b\u1ea3o kh\u00f4ng gian s\u1ed1ng lu\u00f4n s\u1ea1ch s\u1ebd, an to\u00e0n v\u00e0 kh\u00f4ng c\u00f2n b\u00f3ng...\t\t\t\t\t<\/p>\n\t\t\t\t\t                    \n\t\t\t\t\t\n\t\t\t\t\t\n\t\t\t\t\t<\/div>\n\t\t\t\t\t<\/div>\n\t\t\t\t\t\t\t\t\t<\/div>\n\t\t\t<\/div>\n\t\t<\/div><div class=\"col post-item\" >\n\t\t\t<div class=\"col-inner\">\n\t\t\t\t<div class=\"box box-vertical box-text-bottom box-blog-post has-hover\">\n            \t\t\t\t\t<div class=\"box-image\" style=\"width:30%;\">\n  \t\t\t\t\t\t<div class=\"image-zoom image-cover\" style=\"padding-top:70%;\">\n\t\t\t\t\t\t\t<a href=\"https:\/\/kingshowvina.com\/?p=1145\" class=\"plain\" aria-label=\"AN TO\u00c0N M\u1eccI N\u01a0I- AN T\u00c2M S\u1ed0NG KH\u1eceE\">\n\t\t\t\t\t\t\t\t<img loading=\"lazy\" decoding=\"async\" width=\"2000\" height=\"2000\" src=\"https:\/\/kingshowvina.com\/wp-content\/uploads\/2025\/02\/485729209_1120376966555265_3878852930953772889_n.jpg\" class=\"attachment-original size-original wp-post-image\" alt=\"\" srcset=\"https:\/\/kingshowvina.com\/wp-content\/uploads\/2025\/02\/485729209_1120376966555265_3878852930953772889_n.jpg 2000w, https:\/\/kingshowvina.com\/wp-content\/uploads\/2025\/02\/485729209_1120376966555265_3878852930953772889_n-300x300.jpg 300w, https:\/\/kingshowvina.com\/wp-content\/uploads\/2025\/02\/485729209_1120376966555265_3878852930953772889_n-1024x1024.jpg 1024w, https:\/\/kingshowvina.com\/wp-content\/uploads\/2025\/02\/485729209_1120376966555265_3878852930953772889_n-150x150.jpg 150w, https:\/\/kingshowvina.com\/wp-content\/uploads\/2025\/02\/485729209_1120376966555265_3878852930953772889_n-768x768.jpg 768w, https:\/\/kingshowvina.com\/wp-content\/uploads\/2025\/02\/485729209_1120376966555265_3878852930953772889_n-1536x1536.jpg 1536w, https:\/\/kingshowvina.com\/wp-content\/uploads\/2025\/02\/485729209_1120376966555265_3878852930953772889_n-600x600.jpg 600w, https:\/\/kingshowvina.com\/wp-content\/uploads\/2025\/02\/485729209_1120376966555265_3878852930953772889_n-100x100.jpg 100w\" sizes=\"auto, (max-width: 2000px) 100vw, 2000px\" \/>\t\t\t\t\t\t\t<\/a>\n  \t\t\t\t\t\t\t  \t\t\t\t\t\t\t  \t\t\t\t\t\t<\/div>\n  \t\t\t\t\t\t  \t\t\t\t\t<\/div>\n          \t\t\t\t\t<div class=\"box-text text-left\" >\n\t\t\t\t\t<div class=\"box-text-inner blog-post-inner\">\n\n\t\t\t\t\t\n\t\t\t\t\t\t\t\t\t\t<h5 class=\"post-title is-large \">\n\t\t\t\t\t\t<a href=\"https:\/\/kingshowvina.com\/?p=1145\" class=\"plain\">AN TO\u00c0N M\u1eccI N\u01a0I- AN T\u00c2M S\u1ed0NG KH\u1eceE<\/a>\n\t\t\t\t\t<\/h5>\n\t\t\t\t\t\t\t\t\t\t<div class=\"is-divider\"><\/div>\n\t\t\t\t\t\t\t\t\t\t<p class=\"from_the_blog_excerpt \">\n\t\t\t\t\t\tB\u1ea1n \u0111ang lo l\u1eafng v\u1ec1 m\u00f4i tr\u01b0\u1eddng s\u1ed1ng kh\u00f4ng an to\u00e0n, \u0111\u1ea7y c\u00f4n tr\u00f9ng g\u00e2y...\t\t\t\t\t<\/p>\n\t\t\t\t\t                    \n\t\t\t\t\t\n\t\t\t\t\t\n\t\t\t\t\t<\/div>\n\t\t\t\t\t<\/div>\n\t\t\t\t\t\t\t\t\t<\/div>\n\t\t\t<\/div>\n\t\t<\/div><div class=\"col post-item\" >\n\t\t\t<div class=\"col-inner\">\n\t\t\t\t<div class=\"box box-vertical box-text-bottom box-blog-post has-hover\">\n            \t\t\t\t\t<div class=\"box-image\" style=\"width:30%;\">\n  \t\t\t\t\t\t<div class=\"image-zoom image-cover\" style=\"padding-top:70%;\">\n\t\t\t\t\t\t\t<a href=\"https:\/\/kingshowvina.com\/?p=1143\" class=\"plain\" aria-label=\"\ud83c\udf89 KINGSTAR CH\u00daC M\u1eeaNG 80 N\u0102M QU\u1ed0C KH\u00c1NH VI\u1ec6T NAM (2\/9\/1945 &#8211; 2\/9\/2025)\">\n\t\t\t\t\t\t\t\t<img loading=\"lazy\" decoding=\"async\" width=\"2000\" height=\"2000\" src=\"https:\/\/kingshowvina.com\/wp-content\/uploads\/2025\/02\/538566435_1241449611114666_591695849761789801_n.jpg\" class=\"attachment-original size-original wp-post-image\" alt=\"\" srcset=\"https:\/\/kingshowvina.com\/wp-content\/uploads\/2025\/02\/538566435_1241449611114666_591695849761789801_n.jpg 2000w, https:\/\/kingshowvina.com\/wp-content\/uploads\/2025\/02\/538566435_1241449611114666_591695849761789801_n-300x300.jpg 300w, https:\/\/kingshowvina.com\/wp-content\/uploads\/2025\/02\/538566435_1241449611114666_591695849761789801_n-1024x1024.jpg 1024w, https:\/\/kingshowvina.com\/wp-content\/uploads\/2025\/02\/538566435_1241449611114666_591695849761789801_n-150x150.jpg 150w, https:\/\/kingshowvina.com\/wp-content\/uploads\/2025\/02\/538566435_1241449611114666_591695849761789801_n-768x768.jpg 768w, https:\/\/kingshowvina.com\/wp-content\/uploads\/2025\/02\/538566435_1241449611114666_591695849761789801_n-1536x1536.jpg 1536w, https:\/\/kingshowvina.com\/wp-content\/uploads\/2025\/02\/538566435_1241449611114666_591695849761789801_n-600x600.jpg 600w, https:\/\/kingshowvina.com\/wp-content\/uploads\/2025\/02\/538566435_1241449611114666_591695849761789801_n-100x100.jpg 100w\" sizes=\"auto, (max-width: 2000px) 100vw, 2000px\" \/>\t\t\t\t\t\t\t<\/a>\n  \t\t\t\t\t\t\t  \t\t\t\t\t\t\t  \t\t\t\t\t\t<\/div>\n  \t\t\t\t\t\t  \t\t\t\t\t<\/div>\n          \t\t\t\t\t<div class=\"box-text text-left\" >\n\t\t\t\t\t<div class=\"box-text-inner blog-post-inner\">\n\n\t\t\t\t\t\n\t\t\t\t\t\t\t\t\t\t<h5 class=\"post-title is-large \">\n\t\t\t\t\t\t<a href=\"https:\/\/kingshowvina.com\/?p=1143\" class=\"plain\">\ud83c\udf89 KINGSTAR CH\u00daC M\u1eeaNG 80 N\u0102M QU\u1ed0C KH\u00c1NH VI\u1ec6T NAM (2\/9\/1945 &#8211; 2\/9\/2025)<\/a>\n\t\t\t\t\t<\/h5>\n\t\t\t\t\t\t\t\t\t\t<div class=\"is-divider\"><\/div>\n\t\t\t\t\t\t\t\t\t\t<p class=\"from_the_blog_excerpt \">\n\t\t\t\t\t\tNh\u00e2n d\u1ecbp k\u1ef7 ni\u1ec7m 80 n\u0103m Qu\u1ed1c Kh\u00e1nh n\u01b0\u1edbc C\u1ed9ng h\u00f2a X\u00e3 h\u1ed9i Ch\u1ee7 ngh\u0129a...\t\t\t\t\t<\/p>\n\t\t\t\t\t                    \n\t\t\t\t\t\n\t\t\t\t\t\n\t\t\t\t\t<\/div>\n\t\t\t\t\t<\/div>\n\t\t\t\t\t\t\t\t\t<\/div>\n\t\t\t<\/div>\n\t\t<\/div><\/div>\n\t\t<\/div>\n\t\t\t\t\t<\/div>\n\n\t\n\n<style>\n#row-1094215663 > .col > .col-inner {\n  padding: 20px 20px 20px 20px;\n  background-color: rgb(243, 243, 243);\n  border-radius: 12px;\n}\n<\/style>\n<\/div>\n\t\t<\/div>\n\n\t\t\n<style>\n#section_1126980713 {\n  padding-top: 20px;\n  padding-bottom: 20px;\n}\n<\/style>\n\t<\/section>\n\t\n","protected":false},"excerpt":{"rendered":"","protected":false},"author":1,"featured_media":0,"parent":0,"menu_order":0,"comment_status":"closed","ping_status":"closed","template":"page-blank.php","meta":{"footnotes":""},"class_list":["post-677","page","type-page","status-publish","hentry"],"_links":{"self":[{"href":"https:\/\/kingshowvina.com\/index.php?rest_route=\/wp\/v2\/pages\/677","targetHints":{"allow":["GET"]}}],"collection":[{"href":"https:\/\/kingshowvina.com\/index.php?rest_route=\/wp\/v2\/pages"}],"about":[{"href":"https:\/\/kingshowvina.com\/index.php?rest_route=\/wp\/v2\/types\/page"}],"author":[{"embeddable":true,"href":"https:\/\/kingshowvina.com\/index.php?rest_route=\/wp\/v2\/users\/1"}],"replies":[{"embeddable":true,"href":"https:\/\/kingshowvina.com\/index.php?rest_route=%2Fwp%2Fv2%2Fcomments&post=677"}],"version-history":[{"count":17,"href":"https:\/\/kingshowvina.com\/index.php?rest_route=\/wp\/v2\/pages\/677\/revisions"}],"predecessor-version":[{"id":1587,"href":"https:\/\/kingshowvina.com\/index.php?rest_route=\/wp\/v2\/pages\/677\/revisions\/1587"}],"wp:attachment":[{"href":"https:\/\/kingshowvina.com\/index.php?rest_route=%2Fwp%2Fv2%2Fmedia&parent=677"}],"curies":[{"name":"wp","href":"https:\/\/api.w.org\/{rel}","templated":true}]}}