{"id":1338,"date":"2025-03-28T11:48:25","date_gmt":"2025-03-28T04:48:25","guid":{"rendered":"https:\/\/ktech1.k-tech-services.com\/kingshow\/san-pham\/binh-xit-diet-con-trung-kingstar-xanh-copy-copy\/"},"modified":"2025-08-22T16:13:57","modified_gmt":"2025-08-22T09:13:57","slug":"binh-xit-diet-con-trung-kingstar-tim-nap-mang-nhen","status":"publish","type":"product","link":"https:\/\/kingshowvina.com\/?product=binh-xit-diet-con-trung-kingstar-tim-nap-mang-nhen","title":{"rendered":"B\u00ccNH X\u1ecaT DI\u1ec6T C\u00d4N TR\u00d9NG KINGSTAR (T\u00cdM) N\u1eaeP M\u1ea0NG NH\u1ec6N"},"content":{"rendered":"<div class=\"text-14 leading-5\">KingStar mang \u0111\u1ebfn s\u1ea3n ph\u1ea9m gi\u00fap di\u1ec7t nhanh, di\u1ec7t c\u00f4n tr\u00f9ng hi\u1ec7u qu\u1ea3. B\u00ecnh x\u1ecbt c\u00f4n tr\u00f9ng King Star l\u00e0 th\u01b0\u01a1ng hi\u1ec7u b\u00ecnh di\u1ec7t c\u00f4n tr\u00f9ng \u0111\u01b0\u1ee3c c\u00e1c ch\u1ecb em n\u1ed9i tr\u1ee3 \u01b0a chu\u1ed9ng v\u00ec t\u00ednh hi\u1ec7u qu\u1ea3, an to\u00e0n khi s\u1eed d\u1ee5ng. B\u00ecnh x\u1ecbt c\u00f4n tr\u00f9ng King Star h\u01b0\u01a1ng chanh 600ml di\u1ec7t c\u00f4n tr\u00f9ng hi\u1ec7u qu\u1ea3, mang h\u01b0\u01a1ng th\u01a1m d\u1ec5 ch\u1ecbu<\/div>\n<table class=\"mt-3 text-14 leading-5\">\n<tbody>\n<tr>\n<td class=\"whitespace-nowrap border-2 border-[#f1f1f1] bg-[#f4f6f9] px-4 py-2 align-top\">Th\u01b0\u01a1ng hi\u1ec7u<\/td>\n<td class=\"w-full border-2 border-DEFAULT px-4 py-2\">\n<div class=\"text-justify\">King Star (Vi\u1ec7t Nam)<\/div>\n<\/td>\n<\/tr>\n<tr>\n<td class=\"whitespace-nowrap border-2 border-[#f1f1f1] bg-[#f4f6f9] px-4 py-2 align-top\">S\u1ea3n ph\u1ea9m<\/td>\n<td class=\"w-full border-2 border-DEFAULT px-4 py-2\">\n<div class=\"text-justify\">B\u00ecnh x\u1ecbt c\u00f4n tr\u00f9ng<\/div>\n<\/td>\n<\/tr>\n<tr>\n<td class=\"whitespace-nowrap border-2 border-[#f1f1f1] bg-[#f4f6f9] px-4 py-2 align-top\">M\u00f9i h\u01b0\u01a1ng<\/td>\n<td class=\"w-full border-2 border-DEFAULT px-4 py-2\">\n<div class=\"text-justify\">H\u01b0\u01a1ng Lavender<\/div>\n<\/td>\n<\/tr>\n<tr>\n<td class=\"whitespace-nowrap border-2 border-[#f1f1f1] bg-[#f4f6f9] px-4 py-2 align-top\">Dung t\u00edch<\/td>\n<td class=\"w-full border-2 border-DEFAULT px-4 py-2\">\n<div class=\"text-justify\">600ml<\/div>\n<\/td>\n<\/tr>\n<tr>\n<td class=\"whitespace-nowrap border-2 border-[#f1f1f1] bg-[#f4f6f9] px-4 py-2 align-top\">N\u01a1i s\u1ea3n xu\u1ea5t<\/td>\n<td class=\"w-full border-2 border-DEFAULT px-4 py-2\">\n<div class=\"text-justify\">Vi\u1ec7t Nam<\/div>\n<\/td>\n<\/tr>\n<\/tbody>\n<\/table>\n<p class=\"mb-2 mt-3 lg:font-bold\">B\u00e0i vi\u1ebft s\u1ea3n ph\u1ea9m<\/p>\n<div class=\"text-14 leading-5\">\n<p><strong><img loading=\"lazy\" decoding=\"async\" class=\"aligncenter\" src=\"https:\/\/kingshowvina.com\/wp-content\/uploads\/2025\/08\/TIMKHONG-scaled.png\" width=\"339\" height=\"480\" \/><br \/>\nDi\u1ec7t nhanh mu\u1ed7i, gi\u00e1n, ki\u1ebfn<\/strong><\/p>\n<ul>\n<li>Mang l\u1ea1i kh\u00f4ng gian th\u00f4ng tho\u00e1ng cho gia \u0111\u00ecnh b\u1ea1n.<\/li>\n<li>Tr\u00e1nh kh\u1ecfi c\u00e1c lo\u1ea1i c\u00f4n tr\u00f9ng g\u00e2y b\u1ec7nh, \u1ea3nh h\u01b0\u1edbng \u0111\u1ebfn s\u1ee9c kh\u1ecfe gia \u0111\u00ecnh b\u1ea1n<\/li>\n<\/ul>\n<p><strong>H\u01b0\u01a1ng chanh t\u01b0\u01a1i m\u00e1t<\/strong><\/p>\n<ul>\n<li>King Star mang l\u1ea1i kh\u00f4ng kh\u00ed t\u01b0\u01a1i m\u1edbi cho gia \u0111\u00ecnh b\u1ea1n.<\/li>\n<\/ul>\n<p><img loading=\"lazy\" decoding=\"async\" class=\"aligncenter\" src=\"https:\/\/kingshowvina.com\/wp-content\/uploads\/2025\/03\/tim-scaled.png\" width=\"365\" height=\"516\" \/><br \/>\n<strong>H\u01b0\u1edbng d\u1eabn s\u1eed d\u1ee5ng:<\/strong><\/p>\n<ul>\n<li>\u1ea4n n\u00fat b\u00ecnh x\u1ecbt, h\u01b0\u1edbng l\u1ed7 ra ngo\u00e0i \u0111\u1ec3 tr\u00e1nh ch\u1ebf ph\u1ea9m v\u0103ng v\u00e0o ng\u01b0\u1eddi. C\u1ea7m \u0111\u1ee9ng b\u00ecnh x\u1ecbt phun ch\u1ebf ph\u1ea9m v\u00e0o kho\u1ea3ng kh\u00f4ng.<\/li>\n<li>\u0110\u1ec3 di\u1ec7t mu\u1ed7i h\u00e3y \u0111\u00f3ng c\u1eeda ch\u00ednh v\u00e0 c\u1eeda s\u1ed5 r\u1ed3i phun l\u00ean cao t\u1eeb 4-6s cho kho\u1ea3ng kh\u00f4ng gian r\u1ed9ng 12m3, gi\u1eef ph\u00f2ng k\u00edn t\u1ea7m 10 ph\u00fat.<\/li>\n<li>\u0110\u1ec3 di\u1ec7t gi\u00e1n, ki\u1ebfn\u00a0phun x\u1ecbt tr\u1ef1c ti\u1ebfp v\u00e0o c\u00f4n tr\u00f9ng\u00a0cho hi\u1ec7u qu\u1ea3 t\u1ed1t nh\u1ea5t.<\/li>\n<\/ul>\n<\/div>\n","protected":false},"excerpt":{"rendered":"<p>KingStar mang \u0111\u1ebfn s\u1ea3n ph\u1ea9m gi\u00fap di\u1ec7t nhanh, di\u1ec7t c\u00f4n tr\u00f9ng hi\u1ec7u qu\u1ea3. B\u00ecnh x\u1ecbt c\u00f4n tr\u00f9ng King Star l\u00e0 th\u01b0\u01a1ng hi\u1ec7u b\u00ecnh di\u1ec7t c\u00f4n tr\u00f9ng \u0111\u01b0\u1ee3c c\u00e1c ch\u1ecb em n\u1ed9i tr\u1ee3 \u01b0a chu\u1ed9ng v\u00ec t\u00ednh hi\u1ec7u qu\u1ea3, an to\u00e0n khi s\u1eed d\u1ee5ng. B\u00ecnh x\u1ecbt c\u00f4n tr\u00f9ng King Star h\u01b0\u01a1ng chanh 600ml di\u1ec7t c\u00f4n tr\u00f9ng&#8230;<\/p>\n","protected":false},"featured_media":1469,"comment_status":"open","ping_status":"closed","template":"","meta":[],"product_brand":[],"product_cat":[16],"product_tag":[],"class_list":{"0":"post-1338","1":"product","2":"type-product","3":"status-publish","4":"has-post-thumbnail","6":"product_cat-binh-xit-diet-con-trung-kingstar","8":"first","9":"instock","10":"shipping-taxable","11":"product-type-simple"},"_links":{"self":[{"href":"https:\/\/kingshowvina.com\/index.php?rest_route=\/wp\/v2\/product\/1338","targetHints":{"allow":["GET"]}}],"collection":[{"href":"https:\/\/kingshowvina.com\/index.php?rest_route=\/wp\/v2\/product"}],"about":[{"href":"https:\/\/kingshowvina.com\/index.php?rest_route=\/wp\/v2\/types\/product"}],"replies":[{"embeddable":true,"href":"https:\/\/kingshowvina.com\/index.php?rest_route=%2Fwp%2Fv2%2Fcomments&post=1338"}],"wp:featuredmedia":[{"embeddable":true,"href":"https:\/\/kingshowvina.com\/index.php?rest_route=\/wp\/v2\/media\/1469"}],"wp:attachment":[{"href":"https:\/\/kingshowvina.com\/index.php?rest_route=%2Fwp%2Fv2%2Fmedia&parent=1338"}],"wp:term":[{"taxonomy":"product_brand","embeddable":true,"href":"https:\/\/kingshowvina.com\/index.php?rest_route=%2Fwp%2Fv2%2Fproduct_brand&post=1338"},{"taxonomy":"product_cat","embeddable":true,"href":"https:\/\/kingshowvina.com\/index.php?rest_route=%2Fwp%2Fv2%2Fproduct_cat&post=1338"},{"taxonomy":"product_tag","embeddable":true,"href":"https:\/\/kingshowvina.com\/index.php?rest_route=%2Fwp%2Fv2%2Fproduct_tag&post=1338"}],"curies":[{"name":"wp","href":"https:\/\/api.w.org\/{rel}","templated":true}]}}